{"id":1306,"date":"2026-02-09T19:32:18","date_gmt":"2026-02-09T18:32:18","guid":{"rendered":"https:\/\/www.tostrandkemping.hu\/?page_id=1306"},"modified":"2026-02-09T21:10:04","modified_gmt":"2026-02-09T20:10:04","slug":"salgotarjan","status":"publish","type":"page","link":"https:\/\/www.tostrandkemping.hu\/en\/salgotarjan\/","title":{"rendered":"Salg\u00f3tarj\u00e1n"},"content":{"rendered":"<div data-elementor-type=\"wp-page\" data-elementor-id=\"1306\" class=\"elementor elementor-1306\">\n\t\t\t\t<div class=\"elementor-element elementor-element-1cb52be5 e-flex e-con-boxed e-con e-parent\" data-id=\"1cb52be5\" data-element_type=\"container\" data-e-type=\"container\">\n\t\t\t\t\t<div class=\"e-con-inner\">\n\t\t\t\t<div class=\"elementor-element elementor-element-4dbae76a elementor-widget elementor-widget-text-editor\" data-id=\"4dbae76a\" data-element_type=\"widget\" data-e-type=\"widget\" data-widget_type=\"text-editor.default\">\n\t\t\t\t<div class=\"elementor-widget-container\">\n\t\t\t\t\t\t\t\t\t\n<p>Aj\u00e1nlott l\u00e1tnival\u00f3k \u00e9s programok<\/p>\n\n\n\n<p><\/p>\n\t\t\t\t\t\t\t\t<\/div>\n\t\t\t\t<\/div>\n\t\t\t\t\t<\/div>\n\t\t\t\t<\/div>\n\t\t<div class=\"elementor-element elementor-element-2914536 e-flex e-con-boxed e-con e-parent\" data-id=\"2914536\" data-element_type=\"container\" data-e-type=\"container\">\n\t\t\t\t\t<div class=\"e-con-inner\">\n\t\t<div class=\"elementor-element elementor-element-0395138 e-con-full e-flex e-con e-child\" data-id=\"0395138\" data-element_type=\"container\" data-e-type=\"container\">\n\t\t\t\t<div class=\"elementor-element elementor-element-0075b41 elementor-widget elementor-widget-image\" data-id=\"0075b41\" data-element_type=\"widget\" data-e-type=\"widget\" data-widget_type=\"image.default\">\n\t\t\t\t<div class=\"elementor-widget-container\">\n\t\t\t\t\t\t\t\t\t\t\t\t<figure class=\"wp-caption\">\n\t\t\t\t\t\t\t\t\t\t\t<a href=\"https:\/\/www.termeszetjaro.hu\/hu\/poi\/kilato\/karancs-kilato\/25645804\/\">\n\t\t\t\t\t\t\t<img fetchpriority=\"high\" decoding=\"async\" width=\"1024\" height=\"683\" src=\"https:\/\/www.tostrandkemping.hu\/wp-content\/uploads\/2026\/02\/1a0231924482423388ff726016f02247-1024x683.jpg\" class=\"attachment-large size-large wp-image-1324\" alt=\"\" srcset=\"https:\/\/www.tostrandkemping.hu\/wp-content\/uploads\/2026\/02\/1a0231924482423388ff726016f02247-1024x683.jpg 1024w, https:\/\/www.tostrandkemping.hu\/wp-content\/uploads\/2026\/02\/1a0231924482423388ff726016f02247-300x200.jpg 300w, https:\/\/www.tostrandkemping.hu\/wp-content\/uploads\/2026\/02\/1a0231924482423388ff726016f02247-768x512.jpg 768w, https:\/\/www.tostrandkemping.hu\/wp-content\/uploads\/2026\/02\/1a0231924482423388ff726016f02247-18x12.jpg 18w, https:\/\/www.tostrandkemping.hu\/wp-content\/uploads\/2026\/02\/1a0231924482423388ff726016f02247.jpg 1200w\" sizes=\"(max-width: 1024px) 100vw, 1024px\" \/>\t\t\t\t\t\t\t\t<\/a>\n\t\t\t\t\t\t\t\t\t\t\t<figcaption class=\"widget-image-caption wp-caption-text\">Karancs kil\u00e1t\u00f3<\/figcaption>\n\t\t\t\t\t\t\t\t\t\t<\/figure>\n\t\t\t\t\t\t\t\t\t<\/div>\n\t\t\t\t<\/div>\n\t\t\t\t<\/div>\n\t\t<div class=\"elementor-element elementor-element-217f899 e-con-full e-flex e-con e-child\" data-id=\"217f899\" data-element_type=\"container\" data-e-type=\"container\">\n\t\t\t\t<div class=\"elementor-element elementor-element-7cde5a5 elementor-widget elementor-widget-image\" data-id=\"7cde5a5\" data-element_type=\"widget\" data-e-type=\"widget\" data-widget_type=\"image.default\">\n\t\t\t\t<div class=\"elementor-widget-container\">\n\t\t\t\t\t\t\t\t\t\t\t\t<figure class=\"wp-caption\">\n\t\t\t\t\t\t\t\t\t\t\t<a href=\"https:\/\/www.turistamagazin.hu\/blog-bejegyzes-1\/a-medves-videk-gyongyszemei\">\n\t\t\t\t\t\t\t<img decoding=\"async\" width=\"1024\" height=\"683\" src=\"https:\/\/www.tostrandkemping.hu\/wp-content\/uploads\/2026\/02\/C1A0749-1024x683.jpg\" class=\"attachment-large size-large wp-image-1325\" alt=\"\" srcset=\"https:\/\/www.tostrandkemping.hu\/wp-content\/uploads\/2026\/02\/C1A0749-1024x683.jpg 1024w, https:\/\/www.tostrandkemping.hu\/wp-content\/uploads\/2026\/02\/C1A0749-300x200.jpg 300w, https:\/\/www.tostrandkemping.hu\/wp-content\/uploads\/2026\/02\/C1A0749-768x512.jpg 768w, https:\/\/www.tostrandkemping.hu\/wp-content\/uploads\/2026\/02\/C1A0749-18x12.jpg 18w, https:\/\/www.tostrandkemping.hu\/wp-content\/uploads\/2026\/02\/C1A0749.jpg 1536w\" sizes=\"(max-width: 1024px) 100vw, 1024px\" \/>\t\t\t\t\t\t\t\t<\/a>\n\t\t\t\t\t\t\t\t\t\t\t<figcaption class=\"widget-image-caption wp-caption-text\">Medves fenns\u00edk<\/figcaption>\n\t\t\t\t\t\t\t\t\t\t<\/figure>\n\t\t\t\t\t\t\t\t\t<\/div>\n\t\t\t\t<\/div>\n\t\t\t\t<\/div>\n\t\t<div class=\"elementor-element elementor-element-757d32e e-con-full e-flex e-con e-child\" data-id=\"757d32e\" data-element_type=\"container\" data-e-type=\"container\">\n\t\t\t\t<div class=\"elementor-element elementor-element-896805e elementor-widget elementor-widget-image\" data-id=\"896805e\" data-element_type=\"widget\" data-e-type=\"widget\" data-widget_type=\"image.default\">\n\t\t\t\t<div class=\"elementor-widget-container\">\n\t\t\t\t\t\t\t\t\t\t\t\t<figure class=\"wp-caption\">\n\t\t\t\t\t\t\t\t\t\t\t<a href=\"https:\/\/hellosalgotarjan.hu\/turautvonal\/kozep-banya-to-2\">\n\t\t\t\t\t\t\t<img decoding=\"async\" width=\"150\" height=\"150\" src=\"https:\/\/www.tostrandkemping.hu\/wp-content\/uploads\/2026\/02\/Kozep-Banya-To-150x150.jpg\" class=\"attachment-thumbnail size-thumbnail wp-image-1326\" alt=\"\" \/>\t\t\t\t\t\t\t\t<\/a>\n\t\t\t\t\t\t\t\t\t\t\t<figcaption class=\"widget-image-caption wp-caption-text\">K\u00f6z\u00e9pb\u00e1nya t\u00f3<\/figcaption>\n\t\t\t\t\t\t\t\t\t\t<\/figure>\n\t\t\t\t\t\t\t\t\t<\/div>\n\t\t\t\t<\/div>\n\t\t\t\t<\/div>\n\t\t<div class=\"elementor-element elementor-element-e3b9b51 e-con-full e-flex e-con e-child\" data-id=\"e3b9b51\" data-element_type=\"container\" data-e-type=\"container\">\n\t\t\t\t<div class=\"elementor-element elementor-element-705e084 elementor-widget elementor-widget-image\" data-id=\"705e084\" data-element_type=\"widget\" data-e-type=\"widget\" data-widget_type=\"image.default\">\n\t\t\t\t<div class=\"elementor-widget-container\">\n\t\t\t\t\t\t\t\t\t\t\t\t<figure class=\"wp-caption\">\n\t\t\t\t\t\t\t\t\t\t\t<a href=\"https:\/\/www.nogradgeopark.eu\/hu\/eresztvenyi-latogatokozpont?gad_source=1&#038;gad_campaignid=15709367690&#038;gbraid=0AAAAAoWowwGEP57N0AOujfbbeLB7qugLx&#038;gclid=CjwKCAiAqKbMBhBmEiwAZ3UboJqEbLx9GPamAemDkefrmTp3LGcdADWRdYFsul7q4NbCd_8kULLhMxoC0LwQAvD_BwE\">\n\t\t\t\t\t\t\t<img loading=\"lazy\" decoding=\"async\" width=\"150\" height=\"150\" src=\"https:\/\/www.tostrandkemping.hu\/wp-content\/uploads\/2026\/02\/ca1063075f261cec50e47f3b7b328e6c-150x150.jpg\" class=\"attachment-thumbnail size-thumbnail wp-image-1327\" alt=\"\" \/>\t\t\t\t\t\t\t\t<\/a>\n\t\t\t\t\t\t\t\t\t\t\t<figcaption class=\"widget-image-caption wp-caption-text\">Eresztv\u00e9ny<\/figcaption>\n\t\t\t\t\t\t\t\t\t\t<\/figure>\n\t\t\t\t\t\t\t\t\t<\/div>\n\t\t\t\t<\/div>\n\t\t\t\t<\/div>\n\t\t\t\t\t<\/div>\n\t\t\t\t<\/div>\n\t\t<div class=\"elementor-element elementor-element-744feaa e-flex e-con-boxed e-con e-parent\" data-id=\"744feaa\" data-element_type=\"container\" data-e-type=\"container\">\n\t\t\t\t\t<div class=\"e-con-inner\">\n\t\t<div class=\"elementor-element elementor-element-fe493ec e-con-full e-flex e-con e-child\" data-id=\"fe493ec\" data-element_type=\"container\" data-e-type=\"container\">\n\t\t\t\t<div class=\"elementor-element elementor-element-851b6ac elementor-widget elementor-widget-image\" data-id=\"851b6ac\" data-element_type=\"widget\" data-e-type=\"widget\" data-widget_type=\"image.default\">\n\t\t\t\t<div class=\"elementor-widget-container\">\n\t\t\t\t\t\t\t\t\t\t\t\t<figure class=\"wp-caption\">\n\t\t\t\t\t\t\t\t\t\t\t<a href=\"https:\/\/dornyaymuzeum.hu\/\">\n\t\t\t\t\t\t\t<img loading=\"lazy\" decoding=\"async\" width=\"1024\" height=\"682\" src=\"https:\/\/www.tostrandkemping.hu\/wp-content\/uploads\/2026\/02\/D_KOM20151009012-1024x682.jpg\" class=\"attachment-large size-large wp-image-1316\" alt=\"\" srcset=\"https:\/\/www.tostrandkemping.hu\/wp-content\/uploads\/2026\/02\/D_KOM20151009012-1024x682.jpg 1024w, https:\/\/www.tostrandkemping.hu\/wp-content\/uploads\/2026\/02\/D_KOM20151009012-300x200.jpg 300w, https:\/\/www.tostrandkemping.hu\/wp-content\/uploads\/2026\/02\/D_KOM20151009012-768x511.jpg 768w, https:\/\/www.tostrandkemping.hu\/wp-content\/uploads\/2026\/02\/D_KOM20151009012-18x12.jpg 18w, https:\/\/www.tostrandkemping.hu\/wp-content\/uploads\/2026\/02\/D_KOM20151009012.jpg 1537w\" sizes=\"(max-width: 1024px) 100vw, 1024px\" \/>\t\t\t\t\t\t\t\t<\/a>\n\t\t\t\t\t\t\t\t\t\t\t<figcaption class=\"widget-image-caption wp-caption-text\">F\u00f6ldalatti b\u00e1nyam\u00fazeum<\/figcaption>\n\t\t\t\t\t\t\t\t\t\t<\/figure>\n\t\t\t\t\t\t\t\t\t<\/div>\n\t\t\t\t<\/div>\n\t\t\t\t<\/div>\n\t\t<div class=\"elementor-element elementor-element-0a0dd30 e-con-full e-flex e-con e-child\" data-id=\"0a0dd30\" data-element_type=\"container\" data-e-type=\"container\">\n\t\t\t\t<div class=\"elementor-element elementor-element-3cec0ab elementor-widget elementor-widget-image\" data-id=\"3cec0ab\" data-element_type=\"widget\" data-e-type=\"widget\" data-widget_type=\"image.default\">\n\t\t\t\t<div class=\"elementor-widget-container\">\n\t\t\t\t\t\t\t\t\t\t\t\t<figure class=\"wp-caption\">\n\t\t\t\t\t\t\t\t\t\t\t<a href=\"https:\/\/www.termeszetjaro.hu\/hu\/poi\/var\/salgo-vara\/23850821\/\">\n\t\t\t\t\t\t\t<img loading=\"lazy\" decoding=\"async\" width=\"150\" height=\"150\" src=\"https:\/\/www.tostrandkemping.hu\/wp-content\/uploads\/2026\/02\/maxresdefault-150x150.jpg\" class=\"attachment-thumbnail size-thumbnail wp-image-1321\" alt=\"\" \/>\t\t\t\t\t\t\t\t<\/a>\n\t\t\t\t\t\t\t\t\t\t\t<figcaption class=\"widget-image-caption wp-caption-text\">Salg\u00f3 v\u00e1ra<\/figcaption>\n\t\t\t\t\t\t\t\t\t\t<\/figure>\n\t\t\t\t\t\t\t\t\t<\/div>\n\t\t\t\t<\/div>\n\t\t\t\t<\/div>\n\t\t<div class=\"elementor-element elementor-element-235a2bb e-con-full e-flex e-con e-child\" data-id=\"235a2bb\" data-element_type=\"container\" data-e-type=\"container\">\n\t\t\t\t<div class=\"elementor-element elementor-element-1070a19 elementor-widget elementor-widget-image\" data-id=\"1070a19\" data-element_type=\"widget\" data-e-type=\"widget\" data-widget_type=\"image.default\">\n\t\t\t\t<div class=\"elementor-widget-container\">\n\t\t\t\t\t\t\t\t\t\t\t\t<figure class=\"wp-caption\">\n\t\t\t\t\t\t\t\t\t\t\t<a href=\"https:\/\/www.osmaradvanyok.hu\/hu\/latnivalo\/somosko-vara-sk?gad_source=1&#038;gad_campaignid=1453554940&#038;gbraid=0AAAAADJ7kTGRRR5T1T22D1Nj_rlHdxtQh&#038;gclid=CjwKCAiAqKbMBhBmEiwAZ3UboNkfokt-Gyda1w-DN1zdmpaD91T7jkLYozwuU7i7kGOTkyEih77tjRoCTRcQAvD_BwE\">\n\t\t\t\t\t\t\t<img loading=\"lazy\" decoding=\"async\" width=\"1024\" height=\"684\" src=\"https:\/\/www.tostrandkemping.hu\/wp-content\/uploads\/2026\/02\/28276-1024x684.jpg\" class=\"attachment-large size-large wp-image-1322\" alt=\"\" srcset=\"https:\/\/www.tostrandkemping.hu\/wp-content\/uploads\/2026\/02\/28276-1024x684.jpg 1024w, https:\/\/www.tostrandkemping.hu\/wp-content\/uploads\/2026\/02\/28276-300x200.jpg 300w, https:\/\/www.tostrandkemping.hu\/wp-content\/uploads\/2026\/02\/28276-768x513.jpg 768w, https:\/\/www.tostrandkemping.hu\/wp-content\/uploads\/2026\/02\/28276-1536x1026.jpg 1536w, https:\/\/www.tostrandkemping.hu\/wp-content\/uploads\/2026\/02\/28276-18x12.jpg 18w, https:\/\/www.tostrandkemping.hu\/wp-content\/uploads\/2026\/02\/28276.jpg 1796w\" sizes=\"(max-width: 1024px) 100vw, 1024px\" \/>\t\t\t\t\t\t\t\t<\/a>\n\t\t\t\t\t\t\t\t\t\t\t<figcaption class=\"widget-image-caption wp-caption-text\">Somosk\u0151 v\u00e1ra<\/figcaption>\n\t\t\t\t\t\t\t\t\t\t<\/figure>\n\t\t\t\t\t\t\t\t\t<\/div>\n\t\t\t\t<\/div>\n\t\t\t\t<\/div>\n\t\t<div class=\"elementor-element elementor-element-19587e0 e-con-full e-flex e-con e-child\" data-id=\"19587e0\" data-element_type=\"container\" data-e-type=\"container\">\n\t\t\t\t<div class=\"elementor-element elementor-element-2bdc937 elementor-widget elementor-widget-image\" data-id=\"2bdc937\" data-element_type=\"widget\" data-e-type=\"widget\" data-widget_type=\"image.default\">\n\t\t\t\t<div class=\"elementor-widget-container\">\n\t\t\t\t\t\t\t\t\t\t\t\t<figure class=\"wp-caption\">\n\t\t\t\t\t\t\t\t\t\t\t<a href=\"https:\/\/www.nogradgeopark.eu\/hu\/latnivalo\/somoskoi-bazaltorgona-sk?gad_source=1&#038;gad_campaignid=15709367690&#038;gbraid=0AAAAAoWowwGEP57N0AOujfbbeLB7qugLx&#038;gclid=CjwKCAiAqKbMBhBmEiwAZ3UboCXk6T-7uchLGmSzfwrNMdJ57ogWx02COqVL-_AIGE8Jzdwgp1uSwxoClGsQAvD_BwE\">\n\t\t\t\t\t\t\t<img loading=\"lazy\" decoding=\"async\" width=\"150\" height=\"150\" src=\"https:\/\/www.tostrandkemping.hu\/wp-content\/uploads\/2026\/02\/31845-150x150.jpg\" class=\"attachment-thumbnail size-thumbnail wp-image-1323\" alt=\"\" srcset=\"https:\/\/www.tostrandkemping.hu\/wp-content\/uploads\/2026\/02\/31845-150x150.jpg 150w, https:\/\/www.tostrandkemping.hu\/wp-content\/uploads\/2026\/02\/31845-300x300.jpg 300w, https:\/\/www.tostrandkemping.hu\/wp-content\/uploads\/2026\/02\/31845-12x12.jpg 12w, https:\/\/www.tostrandkemping.hu\/wp-content\/uploads\/2026\/02\/31845.jpg 500w\" sizes=\"(max-width: 150px) 100vw, 150px\" \/>\t\t\t\t\t\t\t\t<\/a>\n\t\t\t\t\t\t\t\t\t\t\t<figcaption class=\"widget-image-caption wp-caption-text\">Bazaltorgona<\/figcaption>\n\t\t\t\t\t\t\t\t\t\t<\/figure>\n\t\t\t\t\t\t\t\t\t<\/div>\n\t\t\t\t<\/div>\n\t\t\t\t<\/div>\n\t\t\t\t\t<\/div>\n\t\t\t\t<\/div>\n\t\t\t\t<\/div>","protected":false},"excerpt":{"rendered":"<p>Aj\u00e1nlott l\u00e1tnival\u00f3k \u00e9s programok Karancs kil\u00e1t\u00f3 Medves fenns\u00edk K\u00f6z\u00e9pb\u00e1nya t\u00f3 Eresztv\u00e9ny F\u00f6ldalatti b\u00e1nyam\u00fazeum Salg\u00f3 v\u00e1ra Somosk\u0151 v\u00e1ra Bazaltorgona<\/p>","protected":false},"author":1,"featured_media":1313,"parent":0,"menu_order":0,"comment_status":"closed","ping_status":"closed","template":"","meta":{"om_disable_all_campaigns":false,"site-sidebar-layout":"default","site-content-layout":"","ast-site-content-layout":"default","site-content-style":"default","site-sidebar-style":"default","ast-global-header-display":"","ast-banner-title-visibility":"","ast-main-header-display":"","ast-hfb-above-header-display":"","ast-hfb-below-header-display":"","ast-hfb-mobile-header-display":"","site-post-title":"","ast-breadcrumbs-content":"","ast-featured-img":"","footer-sml-layout":"","theme-transparent-header-meta":"","adv-header-id-meta":"","stick-header-meta":"","header-above-stick-meta":"","header-main-stick-meta":"","header-below-stick-meta":"","astra-migrate-meta-layouts":"set","ast-page-background-enabled":"default","ast-page-background-meta":{"desktop":{"background-color":"","background-image":"","background-repeat":"repeat","background-position":"center center","background-size":"auto","background-attachment":"scroll","background-type":"","background-media":"","overlay-type":"","overlay-color":"","overlay-opacity":"","overlay-gradient":""},"tablet":{"background-color":"","background-image":"","background-repeat":"repeat","background-position":"center center","background-size":"auto","background-attachment":"scroll","background-type":"","background-media":"","overlay-type":"","overlay-color":"","overlay-opacity":"","overlay-gradient":""},"mobile":{"background-color":"","background-image":"","background-repeat":"repeat","background-position":"center center","background-size":"auto","background-attachment":"scroll","background-type":"","background-media":"","overlay-type":"","overlay-color":"","overlay-opacity":"","overlay-gradient":""}},"ast-content-background-meta":{"desktop":{"background-color":"var(--ast-global-color-5)","background-image":"","background-repeat":"repeat","background-position":"center center","background-size":"auto","background-attachment":"scroll","background-type":"","background-media":"","overlay-type":"","overlay-color":"","overlay-opacity":"","overlay-gradient":""},"tablet":{"background-color":"var(--ast-global-color-5)","background-image":"","background-repeat":"repeat","background-position":"center center","background-size":"auto","background-attachment":"scroll","background-type":"","background-media":"","overlay-type":"","overlay-color":"","overlay-opacity":"","overlay-gradient":""},"mobile":{"background-color":"var(--ast-global-color-5)","background-image":"","background-repeat":"repeat","background-position":"center center","background-size":"auto","background-attachment":"scroll","background-type":"","background-media":"","overlay-type":"","overlay-color":"","overlay-opacity":"","overlay-gradient":""}},"footnotes":""},"class_list":["post-1306","page","type-page","status-publish","has-post-thumbnail","hentry"],"_links":{"self":[{"href":"https:\/\/www.tostrandkemping.hu\/en\/wp-json\/wp\/v2\/pages\/1306","targetHints":{"allow":["GET"]}}],"collection":[{"href":"https:\/\/www.tostrandkemping.hu\/en\/wp-json\/wp\/v2\/pages"}],"about":[{"href":"https:\/\/www.tostrandkemping.hu\/en\/wp-json\/wp\/v2\/types\/page"}],"author":[{"embeddable":true,"href":"https:\/\/www.tostrandkemping.hu\/en\/wp-json\/wp\/v2\/users\/1"}],"replies":[{"embeddable":true,"href":"https:\/\/www.tostrandkemping.hu\/en\/wp-json\/wp\/v2\/comments?post=1306"}],"version-history":[{"count":26,"href":"https:\/\/www.tostrandkemping.hu\/en\/wp-json\/wp\/v2\/pages\/1306\/revisions"}],"predecessor-version":[{"id":1349,"href":"https:\/\/www.tostrandkemping.hu\/en\/wp-json\/wp\/v2\/pages\/1306\/revisions\/1349"}],"wp:featuredmedia":[{"embeddable":true,"href":"https:\/\/www.tostrandkemping.hu\/en\/wp-json\/wp\/v2\/media\/1313"}],"wp:attachment":[{"href":"https:\/\/www.tostrandkemping.hu\/en\/wp-json\/wp\/v2\/media?parent=1306"}],"curies":[{"name":"wp","href":"https:\/\/api.w.org\/{rel}","templated":true}]}}