{"id":1057,"date":"2026-01-19T10:16:57","date_gmt":"2026-01-19T09:16:57","guid":{"rendered":"https:\/\/www.tostrandkemping.hu\/?page_id=1057"},"modified":"2026-01-19T11:21:12","modified_gmt":"2026-01-19T10:21:12","slug":"hazirend","status":"publish","type":"page","link":"https:\/\/www.tostrandkemping.hu\/en\/hazirend\/","title":{"rendered":"House rules"},"content":{"rendered":"<div data-elementor-type=\"wp-page\" data-elementor-id=\"1057\" class=\"elementor elementor-1057\">\n\t\t\t\t<div class=\"elementor-element elementor-element-b2cebc0 e-flex e-con-boxed e-con e-parent\" data-id=\"b2cebc0\" data-element_type=\"container\" data-e-type=\"container\">\n\t\t\t\t\t<div class=\"e-con-inner\">\n\t\t\t\t<div class=\"elementor-element elementor-element-f573523 elementor-widget elementor-widget-heading\" data-id=\"f573523\" data-element_type=\"widget\" data-e-type=\"widget\" data-widget_type=\"heading.default\">\n\t\t\t\t<div class=\"elementor-widget-container\">\n\t\t\t\t\t<h2 class=\"elementor-heading-title elementor-size-default\">House rules<\/h2>\t\t\t\t<\/div>\n\t\t\t\t<\/div>\n\t\t\t\t\t<\/div>\n\t\t\t\t<\/div>\n\t\t<div class=\"elementor-element elementor-element-2299814 e-flex e-con-boxed e-con e-parent\" data-id=\"2299814\" data-element_type=\"container\" data-e-type=\"container\">\n\t\t\t\t\t<div class=\"e-con-inner\">\n\t\t\t\t<div class=\"elementor-element elementor-element-41e0dcc elementor-widget elementor-widget-text-editor\" data-id=\"41e0dcc\" data-element_type=\"widget\" data-e-type=\"widget\" data-widget_type=\"text-editor.default\">\n\t\t\t\t<div class=\"elementor-widget-container\">\n\t\t\t\t\t\t\t\t\t<h2>Kedves Vend\u00e9geink!<\/h2><p>C\u00e9lunk, hogy a <strong>T\u00f3\u2011Strand Kemping<\/strong> mindenki sz\u00e1m\u00e1ra nyugodt, biztons\u00e1gos \u00e9s \u00e9lvezetes pihen\u00e9st biztos\u00edtson. Ennek \u00e9rdek\u00e9ben k\u00e9rj\u00fck, hogy tartsa be az al\u00e1bbi h\u00e1zirendet. A h\u00e1zirend elfogad\u00e1sa a kemping ter\u00fclet\u00e9re t\u00f6rt\u00e9n\u0151 bel\u00e9p\u00e9ssel automatikusan megt\u00f6rt\u00e9nik.<\/p><h2>1. \u00c1ltal\u00e1nos szab\u00e1lyok<\/h2><ul><li>A kemping ter\u00fclet\u00e9t minden vend\u00e9g <strong>saj\u00e1t felel\u0151ss\u00e9g\u00e9re<\/strong> haszn\u00e1lja.<\/li><li>K\u00e9rj\u00fck, tartsa tiszteletben a t\u00f6bbi vend\u00e9g nyugalm\u00e1t, a term\u00e9szetet \u00e9s a kemping berendez\u00e9seit.<\/li><li>A kemping szem\u00e9lyzete jogosult a h\u00e1zirend betart\u00e1s\u00e1t ellen\u0151rizni.<\/li><\/ul><h2>2. \u00c9rkez\u00e9s \u00e9s t\u00e1voz\u00e1s<\/h2><ul><li><strong>\u00c9rkez\u00e9s:<\/strong> 14:00 \u00f3r\u00e1t\u00f3l<\/li><li><strong>T\u00e1voz\u00e1s:<\/strong> 11:00 \u00f3r\u00e1ig<\/li><li>Kor\u00e1bbi \u00e9rkez\u00e9s vagy k\u00e9s\u0151bbi t\u00e1voz\u00e1s csak el\u0151zetes egyeztet\u00e9s alapj\u00e1n lehets\u00e9ges.<\/li><\/ul><h2>3. Csendrendelet<\/h2><ul><li><strong>Csendes id\u0151szak:<\/strong> 22:00 \u2013 07:00 k\u00f6z\u00f6tt<\/li><li>Ebben az id\u0151szakban k\u00e9rj\u00fck a hangoskod\u00e1s, zenehallgat\u00e1s \u00e9s zajkelt\u0151 tev\u00e9kenys\u00e9gek mell\u0151z\u00e9s\u00e9t.<\/li><\/ul><p><strong>A szab\u00e1ly megszeg\u00e9s\u00e9nek k\u00f6vetkezm\u00e9nyei:<\/strong><\/p><ol><li><strong>Els\u0151 alkalommal:<\/strong> sz\u00f3beli figyelmeztet\u00e9s<\/li><li><strong>M\u00e1sodik alkalommal: 10.000<\/strong> Ft rendk\u00edv\u00fcli int\u00e9zked\u00e9si d\u00edj<\/li><li><strong>Harmadik alkalommal vagy s\u00falyos esetben:<\/strong><br \/>a vend\u00e9g a kemping ter\u00fclet\u00e9t <strong>azonnali hat\u00e1llyal k\u00f6teles elhagyni<\/strong>, visszat\u00e9r\u00edt\u00e9s n\u00e9lk\u00fcl<\/li><\/ol><p>A kemping fenntartja a jogot, hogy <strong>kir\u00edv\u00f3an zavar\u00f3 vagy agressz\u00edv magatart\u00e1s eset\u00e9n<\/strong> a fenti l\u00e9pcs\u0151zetess\u00e9g n\u00e9lk\u00fcl int\u00e9zkedjen.<\/p><h2>4. J\u00e1rm\u0171vek \u00e9s parkol\u00e1s<\/h2><ul><li>A kemping ter\u00fclet\u00e9n a megengedett <strong>maxim\u00e1lis sebess\u00e9g 5 km\/h<\/strong>.<\/li><li>A j\u00e1rm\u0171vekkel kiz\u00e1r\u00f3lag a kijel\u00f6lt utakon \u00e9s parkol\u00f3helyeken szabad k\u00f6zlekedni.<\/li><li>A parcell\u00e1kon k\u00edv\u00fcli parkol\u00e1s csak a szem\u00e9lyzet enged\u00e9ly\u00e9vel lehets\u00e9ges.<\/li><\/ul><h2>5. \u00c1ram- \u00e9s v\u00edzhaszn\u00e1lat<\/h2><ul><li>Minden parcella <strong> 10A elektromos csatlakoz\u00e1ssal<\/strong> rendelkezik.<\/li><li>Az elektromos csatlakoz\u00e1st kiz\u00e1r\u00f3lag rendeltet\u00e9sszer\u0171en, biztons\u00e1gos k\u00e1belekkel \u00e9s csatlakoz\u00f3kkal szabad haszn\u00e1lni.<\/li><li>Nagy fogyaszt\u00e1s\u00fa berendez\u00e9sek (pl. kl\u00edma, elektromos f\u0171t\u00e9s) haszn\u00e1lata csak k\u00fcl\u00f6n egyeztet\u00e9ssel enged\u00e9lyezett.<\/li><li>A v\u00edzhaszn\u00e1lat sor\u00e1n k\u00e9rj\u00fck a <strong>takar\u00e9koss\u00e1got<\/strong>.<\/li><\/ul><h2>6. Tisztas\u00e1g \u00e9s hullad\u00e9kkezel\u00e9s<\/h2><ul><li>A kemping ter\u00fclet\u00e9n a <strong>tisztas\u00e1g meg\u0151rz\u00e9se k\u00f6z\u00f6s \u00e9rdek<\/strong>.<\/li><li>A hullad\u00e9kot k\u00e9rj\u00fck a kijel\u00f6lt hullad\u00e9kgy\u0171jt\u0151kbe elhelyezni.<\/li><li>A parcell\u00e1t t\u00e1voz\u00e1skor tiszta \u00e1llapotban kell \u00e1tadni.<\/li><\/ul><h2>7. T\u0171zrak\u00e1s \u00e9s grillez\u00e9s<\/h2><ul><li>T\u00fczet gy\u00fajtani \u00e9s grillezni <strong>csak a kijel\u00f6lt helyeken<\/strong> \u00e9s az aktu\u00e1lis t\u0171zv\u00e9delmi szab\u00e1lyok betart\u00e1s\u00e1val szabad.<\/li><li>Szeles id\u0151ben vagy t\u0171zgy\u00fajt\u00e1si tilalom idej\u00e9n a t\u0171zrak\u00e1s tilos. Ezen id\u0151szakokat a recepci\u00f3n k\u00fcl\u00f6n kif\u00fcggesztj\u00fck.<\/li><li>A t\u00fczet soha ne hagyja fel\u00fcgyelet n\u00e9lk\u00fcl.<\/li><\/ul><h2>8. Gyermekek<\/h2><ul><li>A gyermekek a kemping ter\u00fclet\u00e9n <strong>sz\u00fcl\u0151i fel\u00fcgyelettel<\/strong> tart\u00f3zkodhatnak.<\/li><li>A j\u00e1tsz\u00f3- \u00e9s k\u00f6z\u00f6ss\u00e9gi ter\u00fcleteket rendeltet\u00e9sszer\u0171en \u00e9s saj\u00e1t felel\u0151ss\u00e9gre lehet haszn\u00e1lni. 6 \u00e9ves kor alatt kiz\u00e1r\u00f3lag sz\u00fcl\u0151i fel\u00fcgyelettel.<\/li><\/ul><h2>9. Biztons\u00e1g \u00e9s felel\u0151ss\u00e9g<\/h2><ul><li><p>A kemping ter\u00fclet\u00e9n elektronikus megfigyel\u0151rendszer (kamerarendszer) m\u0171k\u00f6dik.<\/p><\/li><li><p>A kamer\u00e1k alkalmaz\u00e1s\u00e1nak c\u00e9lja kiz\u00e1r\u00f3lag a <strong>szem\u00e9ly- \u00e9s vagyonbiztons\u00e1g n\u00f6vel\u00e9se<\/strong>, a rong\u00e1l\u00e1sok, lop\u00e1sok \u00e9s egy\u00e9b rendk\u00edv\u00fcli esem\u00e9nyek megel\u0151z\u00e9se \u00e9s dokument\u00e1l\u00e1sa.<\/p><\/li><li><p>A kamer\u00e1k <strong>nem a vend\u00e9gek megfigyel\u00e9s\u00e9t szolg\u00e1lj\u00e1k<\/strong>, \u00e9s nem ir\u00e1nyulnak a mag\u00e1nszf\u00e9ra megs\u00e9rt\u00e9s\u00e9re.<\/p><\/li><li><p>A felv\u00e9telek kezel\u00e9se minden esetben a hat\u00e1lyos adatv\u00e9delmi jogszab\u00e1lyoknak (k\u00fcl\u00f6n\u00f6sen a GDPR rendelkez\u00e9seinek) megfelel\u0151en t\u00f6rt\u00e9nik.<\/p><\/li><li>A kemping nem v\u00e1llal felel\u0151ss\u00e9get az \u0151rizetlen\u00fcl hagyott \u00e9rt\u00e9kt\u00e1rgyak\u00e9rt.<\/li><li>K\u00e9rj\u00fck, mindenki \u00fcgyeljen saj\u00e1t \u00e9s m\u00e1sok biztons\u00e1g\u00e1ra.<\/li><li>Baleset vagy rendk\u00edv\u00fcli esem\u00e9ny eset\u00e9n halad\u00e9ktalanul \u00e9rtes\u00edtse a szem\u00e9lyzetet.<\/li><li><p>A vend\u00e9g \u00e1ltal, illetve a vend\u00e9g \u00e9rdekk\u00f6r\u00e9be tartoz\u00f3 szem\u00e9ly (pl. k\u00eds\u00e9r\u0151, gyermek, h\u00e1zi\u00e1llat) \u00e1ltal okozott <strong>rong\u00e1l\u00e1s\u00e9rt, k\u00e1rokoz\u00e1s\u00e9rt teljes anyagi felel\u0151ss\u00e9g terheli a vend\u00e9get<\/strong>.<\/p><\/li><li><p>A k\u00e1rokoz\u00e1s m\u00e9rt\u00e9k\u00e9nek megfelel\u0151en a kemping jogosult <strong>k\u00e1rt\u00e9r\u00edt\u00e9st \u00e9rv\u00e9nyes\u00edteni<\/strong>, amely kiterjedhet a jav\u00edt\u00e1s, p\u00f3tl\u00e1s, takar\u00edt\u00e1s, valamint az esetleges kies\u0151 szolg\u00e1ltat\u00e1s k\u00f6lts\u00e9geire is.<\/p><\/li><\/ul><h2>10. H\u00e1zi\u00e1llatok<\/h2><ul><li>H\u00e1zi\u00e1llat a kemping ter\u00fclet\u00e9re behozhat\u00f3, <strong>p\u00f3r\u00e1z haszn\u00e1lata k\u00f6telez\u0151<\/strong>.<\/li><li>A gazda k\u00f6teles gondoskodni az \u00e1llat \u00e1ltal okozott szennyez\u0151d\u00e9s eltakar\u00edt\u00e1s\u00e1r\u00f3l. F\u00fcrdetni csak \u00e9s kiz\u00e1r\u00f3lag az erre a c\u00e9lra kijel\u00f6lt helyen lehet.<\/li><li>A h\u00e1zi\u00e1llat nem zavarhatja a t\u00f6bbi vend\u00e9g nyugalm\u00e1t.<\/li><\/ul><h2>11. H\u00e1zirend megszeg\u00e9se<\/h2><ul><li>A h\u00e1zirend s\u00falyos vagy ism\u00e9telt megszeg\u00e9se eset\u00e9n a kemping vezet\u0151s\u00e9ge jogosult a vend\u00e9get a kemping ter\u00fclet\u00e9r\u0151l <strong>k\u00e1rt\u00e9r\u00edt\u00e9si ig\u00e9ny n\u00e9lk\u00fcl kiz\u00e1rni<\/strong>.<\/li><\/ul><p>K\u00f6sz\u00f6nj\u00fck egy\u00fcttm\u0171k\u00f6d\u00e9s\u00e9t \u00e9s kellemes pihen\u00e9st k\u00edv\u00e1nunk a <strong>T\u00f3\u2011Strand Kempingben<\/strong>!<\/p><p><strong>A kemping \u00fczemeltet\u0151je<\/strong><\/p>\t\t\t\t\t\t\t\t<\/div>\n\t\t\t\t<\/div>\n\t\t\t\t\t<\/div>\n\t\t\t\t<\/div>\n\t\t\t\t<\/div>","protected":false},"excerpt":{"rendered":"<p>H\u00e1zirend Kedves Vend\u00e9geink! C\u00e9lunk, hogy a T\u00f3\u2011Strand Kemping mindenki sz\u00e1m\u00e1ra nyugodt, biztons\u00e1gos \u00e9s \u00e9lvezetes pihen\u00e9st biztos\u00edtson. Ennek \u00e9rdek\u00e9ben k\u00e9rj\u00fck, hogy tartsa be az al\u00e1bbi h\u00e1zirendet. A h\u00e1zirend elfogad\u00e1sa a kemping ter\u00fclet\u00e9re t\u00f6rt\u00e9n\u0151 bel\u00e9p\u00e9ssel automatikusan megt\u00f6rt\u00e9nik. 1. \u00c1ltal\u00e1nos szab\u00e1lyok A kemping ter\u00fclet\u00e9t minden vend\u00e9g saj\u00e1t felel\u0151ss\u00e9g\u00e9re haszn\u00e1lja. K\u00e9rj\u00fck, tartsa tiszteletben a t\u00f6bbi vend\u00e9g nyugalm\u00e1t, a term\u00e9szetet [&hellip;]<\/p>","protected":false},"author":1,"featured_media":0,"parent":0,"menu_order":0,"comment_status":"closed","ping_status":"closed","template":"","meta":{"om_disable_all_campaigns":false,"site-sidebar-layout":"no-sidebar","site-content-layout":"page-builder","ast-site-content-layout":"full-width-container","site-content-style":"default","site-sidebar-style":"default","ast-global-header-display":"","ast-banner-title-visibility":"","ast-main-header-display":"","ast-hfb-above-header-display":"","ast-hfb-below-header-display":"","ast-hfb-mobile-header-display":"","site-post-title":"disabled","ast-breadcrumbs-content":"","ast-featured-img":"disabled","footer-sml-layout":"","theme-transparent-header-meta":"","adv-header-id-meta":"","stick-header-meta":"","header-above-stick-meta":"","header-main-stick-meta":"","header-below-stick-meta":"","astra-migrate-meta-layouts":"default","ast-page-background-enabled":"default","ast-page-background-meta":{"desktop":{"background-color":"","background-image":"","background-repeat":"repeat","background-position":"center center","background-size":"auto","background-attachment":"scroll","background-type":"","background-media":"","overlay-type":"","overlay-color":"","overlay-opacity":"","overlay-gradient":""},"tablet":{"background-color":"","background-image":"","background-repeat":"repeat","background-position":"center center","background-size":"auto","background-attachment":"scroll","background-type":"","background-media":"","overlay-type":"","overlay-color":"","overlay-opacity":"","overlay-gradient":""},"mobile":{"background-color":"","background-image":"","background-repeat":"repeat","background-position":"center center","background-size":"auto","background-attachment":"scroll","background-type":"","background-media":"","overlay-type":"","overlay-color":"","overlay-opacity":"","overlay-gradient":""}},"ast-content-background-meta":{"desktop":{"background-color":"var(--ast-global-color-5)","background-image":"","background-repeat":"repeat","background-position":"center center","background-size":"auto","background-attachment":"scroll","background-type":"","background-media":"","overlay-type":"","overlay-color":"","overlay-opacity":"","overlay-gradient":""},"tablet":{"background-color":"var(--ast-global-color-5)","background-image":"","background-repeat":"repeat","background-position":"center center","background-size":"auto","background-attachment":"scroll","background-type":"","background-media":"","overlay-type":"","overlay-color":"","overlay-opacity":"","overlay-gradient":""},"mobile":{"background-color":"var(--ast-global-color-5)","background-image":"","background-repeat":"repeat","background-position":"center center","background-size":"auto","background-attachment":"scroll","background-type":"","background-media":"","overlay-type":"","overlay-color":"","overlay-opacity":"","overlay-gradient":""}},"footnotes":""},"class_list":["post-1057","page","type-page","status-publish","hentry"],"_links":{"self":[{"href":"https:\/\/www.tostrandkemping.hu\/en\/wp-json\/wp\/v2\/pages\/1057","targetHints":{"allow":["GET"]}}],"collection":[{"href":"https:\/\/www.tostrandkemping.hu\/en\/wp-json\/wp\/v2\/pages"}],"about":[{"href":"https:\/\/www.tostrandkemping.hu\/en\/wp-json\/wp\/v2\/types\/page"}],"author":[{"embeddable":true,"href":"https:\/\/www.tostrandkemping.hu\/en\/wp-json\/wp\/v2\/users\/1"}],"replies":[{"embeddable":true,"href":"https:\/\/www.tostrandkemping.hu\/en\/wp-json\/wp\/v2\/comments?post=1057"}],"version-history":[{"count":14,"href":"https:\/\/www.tostrandkemping.hu\/en\/wp-json\/wp\/v2\/pages\/1057\/revisions"}],"predecessor-version":[{"id":1084,"href":"https:\/\/www.tostrandkemping.hu\/en\/wp-json\/wp\/v2\/pages\/1057\/revisions\/1084"}],"wp:attachment":[{"href":"https:\/\/www.tostrandkemping.hu\/en\/wp-json\/wp\/v2\/media?parent=1057"}],"curies":[{"name":"wp","href":"https:\/\/api.w.org\/{rel}","templated":true}]}}