{"id":1027,"date":"2026-01-16T21:44:33","date_gmt":"2026-01-16T20:44:33","guid":{"rendered":"https:\/\/www.tostrandkemping.hu\/?page_id=1027"},"modified":"2026-03-23T18:37:01","modified_gmt":"2026-03-23T17:37:01","slug":"araink","status":"publish","type":"page","link":"https:\/\/www.tostrandkemping.hu\/en\/home\/araink\/","title":{"rendered":"our prices"},"content":{"rendered":"<div data-elementor-type=\"wp-page\" data-elementor-id=\"1027\" class=\"elementor elementor-1027\">\n\t\t\t\t<div class=\"elementor-element elementor-element-722ce69 e-flex e-con-boxed e-con e-parent\" data-id=\"722ce69\" data-element_type=\"container\" data-e-type=\"container\" data-settings=\"{&quot;background_background&quot;:&quot;classic&quot;}\">\n\t\t\t\t\t<div class=\"e-con-inner\">\n\t\t<div class=\"elementor-element elementor-element-7d5caa9 e-con-full e-flex e-con e-child\" data-id=\"7d5caa9\" data-element_type=\"container\" data-e-type=\"container\">\n\t\t\t\t<div class=\"elementor-element elementor-element-512fb4b elementor-widget elementor-widget-hfe-infocard\" data-id=\"512fb4b\" data-element_type=\"widget\" data-e-type=\"widget\" data-widget_type=\"hfe-infocard.default\">\n\t\t\t\t<div class=\"elementor-widget-container\">\n\t\t\t\t\t\n\t\t<div class=\"hfe-infocard\">\n\t\t\t\t\t\t\t\t\t<div class=\"hfe-infocard-title-wrap\">\n\t\t\t\t<h1 class=\"hfe-infocard-title elementor-inline-editing\" data-elementor-setting-key=\"infocard_title\" data-elementor-inline-editing-toolbar=\"basic\" >our prices<\/h1>\t\t\t<\/div>\n\t\t\t\t\t\t<div class=\"hfe-infocard-text-wrap\">\n\t\t\t\t<div class=\"hfe-infocard-text elementor-inline-editing\" data-elementor-setting-key=\"infocard_description\" data-elementor-inline-editing-toolbar=\"advanced\">\n\t\t\t\t\t2026. m\u00e1jus 1-t\u0151l \u00e9rv\u00e9nyesek\t\t\t\t<\/div>\n\t\t\t\t\t\t\t<\/div>\n\t\t<\/div>\n\n\t\t\t\t\t\t<\/div>\n\t\t\t\t<\/div>\n\t\t\t\t<\/div>\n\t\t\t\t\t<\/div>\n\t\t\t\t<\/div>\n\t\t<div class=\"elementor-element elementor-element-792c7eb e-flex e-con-boxed e-con e-parent\" data-id=\"792c7eb\" data-element_type=\"container\" data-e-type=\"container\">\n\t\t\t\t\t<div class=\"e-con-inner\">\n\t\t<div class=\"elementor-element elementor-element-38fbbfa e-grid e-con-full e-con e-child\" data-id=\"38fbbfa\" data-element_type=\"container\" data-e-type=\"container\">\n\t\t\t\t<div class=\"elementor-element elementor-element-d43463a elementor-widget elementor-widget-hfe-infocard\" data-id=\"d43463a\" data-element_type=\"widget\" data-e-type=\"widget\" data-widget_type=\"hfe-infocard.default\">\n\t\t\t\t<div class=\"elementor-widget-container\">\n\t\t\t\t\t\n\t\t<div class=\"hfe-infocard\">\n\t\t\t\t\t\t\t\t\t<div class=\"hfe-infocard-title-wrap\">\n\t\t\t\t<h2 class=\"hfe-infocard-title elementor-inline-editing\" data-elementor-setting-key=\"infocard_title\" data-elementor-inline-editing-toolbar=\"basic\" >Sz\u00e1ll\u00e1sd\u00edjak<\/h2>\t\t\t<\/div>\n\t\t\t\t\t\t<div class=\"hfe-infocard-text-wrap\">\n\t\t\t\t<div class=\"hfe-infocard-text elementor-inline-editing\" data-elementor-setting-key=\"infocard_description\" data-elementor-inline-editing-toolbar=\"advanced\">\n\t\t\t\t\tFeln\u0151tt:\u00a02500 Ft\/f\u0151\/\u00e9j\n<br>\nGyermek: 1500 Ft\/f\u0151\/\u00e9j (3-12 \u00e9ves korig)\n<br>\nGyermek: ingyenes (0-2 \u00e9ves korig)\n<br><br>\nAz \u00e1rak az idegenforgalmi ad\u00f3t nem tartalmazz\u00e1k. Az idegenforgalmi ad\u00f3 m\u00e9rt\u00e9ke: 400 Ft \/ f\u0151 \/ \u00e9jszaka (18 \u00e9v felett fizetend\u0151).\t\t\t\t<\/div>\n\t\t\t\t\t\t\t<\/div>\n\t\t<\/div>\n\n\t\t\t\t\t\t<\/div>\n\t\t\t\t<\/div>\n\t\t\t\t<div class=\"elementor-element elementor-element-130c74e elementor-widget__width-initial elementor-widget elementor-widget-image\" data-id=\"130c74e\" data-element_type=\"widget\" data-e-type=\"widget\" data-widget_type=\"image.default\">\n\t\t\t\t<div class=\"elementor-widget-container\">\n\t\t\t\t\t\t\t\t\t\t\t\t\t\t\t<img fetchpriority=\"high\" decoding=\"async\" width=\"577\" height=\"433\" src=\"https:\/\/www.tostrandkemping.hu\/wp-content\/uploads\/2026\/01\/67-1556032694-superior-lakokocsi1.jpeg\" class=\"attachment-medium_large size-medium_large wp-image-1221\" alt=\"\" srcset=\"https:\/\/www.tostrandkemping.hu\/wp-content\/uploads\/2026\/01\/67-1556032694-superior-lakokocsi1.jpeg 577w, https:\/\/www.tostrandkemping.hu\/wp-content\/uploads\/2026\/01\/67-1556032694-superior-lakokocsi1-300x225.jpeg 300w\" sizes=\"(max-width: 577px) 100vw, 577px\" \/>\t\t\t\t\t\t\t\t\t\t\t\t\t\t\t<\/div>\n\t\t\t\t<\/div>\n\t\t\t\t<\/div>\n\t\t\t\t\t<\/div>\n\t\t\t\t<\/div>\n\t\t<div class=\"elementor-element elementor-element-860a194 e-flex e-con-boxed e-con e-parent\" data-id=\"860a194\" data-element_type=\"container\" data-e-type=\"container\">\n\t\t\t\t\t<div class=\"e-con-inner\">\n\t\t<div class=\"elementor-element elementor-element-8593943 e-grid e-con-full e-con e-child\" data-id=\"8593943\" data-element_type=\"container\" data-e-type=\"container\">\n\t\t\t\t<div class=\"elementor-element elementor-element-6605797 elementor-widget elementor-widget-hfe-infocard\" data-id=\"6605797\" data-element_type=\"widget\" data-e-type=\"widget\" data-widget_type=\"hfe-infocard.default\">\n\t\t\t\t<div class=\"elementor-widget-container\">\n\t\t\t\t\t\n\t\t<div class=\"hfe-infocard\">\n\t\t\t\t\t\t\t\t\t<div class=\"hfe-infocard-title-wrap\">\n\t\t\t\t<h2 class=\"hfe-infocard-title elementor-inline-editing\" data-elementor-setting-key=\"infocard_title\" data-elementor-inline-editing-toolbar=\"basic\" >Parcella d\u00edj<\/h2>\t\t\t<\/div>\n\t\t\t\t\t\t<div class=\"hfe-infocard-text-wrap\">\n\t\t\t\t<div class=\"hfe-infocard-text elementor-inline-editing\" data-elementor-setting-key=\"infocard_description\" data-elementor-inline-editing-toolbar=\"advanced\">\n\t\t\t\t\t<p>2500 Ft\/lak\u00f3aut\u00f3 vagy lak\u00f3kocsi vagy s\u00e1tor\/\u00e9j +1 aut\u00f3 d\u00edjmentes parkol\u00e1sa.<\/p>\n<p>Minden tov\u00e1bbi aut\u00f3 parkol\u00e1sa 1000 Ft\/\u00e9j, melyet k\u00e9r\u00fcnk foglal\u00e1skor a megyjegyz\u00e9sben felt\u00fcntetni<br><\/p>\t\t\t\t<\/div>\n\t\t\t\t\t\t\t<\/div>\n\t\t<\/div>\n\n\t\t\t\t\t\t<\/div>\n\t\t\t\t<\/div>\n\t\t\t\t<div class=\"elementor-element elementor-element-017f7f5 elementor-widget__width-initial elementor-widget elementor-widget-image\" data-id=\"017f7f5\" data-element_type=\"widget\" data-e-type=\"widget\" data-widget_type=\"image.default\">\n\t\t\t\t<div class=\"elementor-widget-container\">\n\t\t\t\t\t\t\t\t\t\t\t\t\t\t\t<img decoding=\"async\" width=\"466\" height=\"300\" src=\"https:\/\/www.tostrandkemping.hu\/wp-content\/uploads\/2026\/01\/thumbnail_466x300_BalatontouristBerenyNaturistaKemping22.jpg\" class=\"attachment-medium_large size-medium_large wp-image-1220\" alt=\"\" srcset=\"https:\/\/www.tostrandkemping.hu\/wp-content\/uploads\/2026\/01\/thumbnail_466x300_BalatontouristBerenyNaturistaKemping22.jpg 466w, https:\/\/www.tostrandkemping.hu\/wp-content\/uploads\/2026\/01\/thumbnail_466x300_BalatontouristBerenyNaturistaKemping22-300x193.jpg 300w\" sizes=\"(max-width: 466px) 100vw, 466px\" \/>\t\t\t\t\t\t\t\t\t\t\t\t\t\t\t<\/div>\n\t\t\t\t<\/div>\n\t\t\t\t<\/div>\n\t\t\t\t\t<\/div>\n\t\t\t\t<\/div>\n\t\t<div class=\"elementor-element elementor-element-c066699 e-flex e-con-boxed e-con e-parent\" data-id=\"c066699\" data-element_type=\"container\" data-e-type=\"container\">\n\t\t\t\t\t<div class=\"e-con-inner\">\n\t\t<div class=\"elementor-element elementor-element-fc4b6b6 e-grid e-con-full e-con e-child\" data-id=\"fc4b6b6\" data-element_type=\"container\" data-e-type=\"container\">\n\t\t\t\t<div class=\"elementor-element elementor-element-23beed2 elementor-widget elementor-widget-hfe-infocard\" data-id=\"23beed2\" data-element_type=\"widget\" data-e-type=\"widget\" data-widget_type=\"hfe-infocard.default\">\n\t\t\t\t<div class=\"elementor-widget-container\">\n\t\t\t\t\t\n\t\t<div class=\"hfe-infocard\">\n\t\t\t\t\t\t\t\t\t<div class=\"hfe-infocard-title-wrap\">\n\t\t\t\t<h2 class=\"hfe-infocard-title elementor-inline-editing\" data-elementor-setting-key=\"infocard_title\" data-elementor-inline-editing-toolbar=\"basic\" >Tov\u00e1bbi d\u00edjak<\/h2>\t\t\t<\/div>\n\t\t\t\t\t\t<div class=\"hfe-infocard-text-wrap\">\n\t\t\t\t<div class=\"hfe-infocard-text elementor-inline-editing\" data-elementor-setting-key=\"infocard_description\" data-elementor-inline-editing-toolbar=\"advanced\">\n\t\t\t\t\t<br>\n<u>Electricity usage fee:<\/u> 2000 HUF\/night (maximum 10A)\n<br><br>\n<u>Dog: <\/u><br>1000 HUF\/night\n<br><br>\n<u>Mos\u00f3g\u00e9p haszn\u00e1lat<\/u>\n<br>\n1000Ft\/alkalom\n\n<br><br>\n<u>Tent rental fee:<\/u>\n<br>\n2-person tent 5000Ft\/night\n<br>\n4-person tent 6000Ft\/night\n<br>\n6-person tent 7000 HUF\/night\n\n<br><br>\n<u>Pot sets:<\/u>\n<br>\n4000 HUF\/day \u2013 15 liter kettle set (kettle + stand)\t\t\t\t<\/div>\n\t\t\t\t\t\t\t<\/div>\n\t\t<\/div>\n\n\t\t\t\t\t\t<\/div>\n\t\t\t\t<\/div>\n\t\t\t\t<div class=\"elementor-element elementor-element-e3df12c elementor-widget__width-initial elementor-widget elementor-widget-image\" data-id=\"e3df12c\" data-element_type=\"widget\" data-e-type=\"widget\" data-widget_type=\"image.default\">\n\t\t\t\t<div class=\"elementor-widget-container\">\n\t\t\t\t\t\t\t\t\t\t\t\t\t\t\t<img decoding=\"async\" width=\"768\" height=\"512\" src=\"https:\/\/www.tostrandkemping.hu\/wp-content\/uploads\/2026\/02\/ChatGPT-Image-2026.-febr.-6.-10_55_12-768x512.png\" class=\"attachment-medium_large size-medium_large wp-image-1283\" alt=\"\" srcset=\"https:\/\/www.tostrandkemping.hu\/wp-content\/uploads\/2026\/02\/ChatGPT-Image-2026.-febr.-6.-10_55_12-768x512.png 768w, https:\/\/www.tostrandkemping.hu\/wp-content\/uploads\/2026\/02\/ChatGPT-Image-2026.-febr.-6.-10_55_12-300x200.png 300w, https:\/\/www.tostrandkemping.hu\/wp-content\/uploads\/2026\/02\/ChatGPT-Image-2026.-febr.-6.-10_55_12-1024x683.png 1024w, https:\/\/www.tostrandkemping.hu\/wp-content\/uploads\/2026\/02\/ChatGPT-Image-2026.-febr.-6.-10_55_12.png 1536w\" sizes=\"(max-width: 768px) 100vw, 768px\" \/>\t\t\t\t\t\t\t\t\t\t\t\t\t\t\t<\/div>\n\t\t\t\t<\/div>\n\t\t\t\t<\/div>\n\t\t\t\t\t<\/div>\n\t\t\t\t<\/div>\n\t\t<div class=\"elementor-element elementor-element-3af450a e-flex e-con-boxed e-con e-parent\" data-id=\"3af450a\" data-element_type=\"container\" data-e-type=\"container\">\n\t\t\t\t\t<div class=\"e-con-inner\">\n\t\t\t\t<div class=\"elementor-element elementor-element-bdb5747 elementor-widget elementor-widget-text-editor\" data-id=\"bdb5747\" data-element_type=\"widget\" data-e-type=\"widget\" data-widget_type=\"text-editor.default\">\n\t\t\t\t<div class=\"elementor-widget-container\">\n\t\t\t\t\t\t\t\t\t<h1 data-start=\"363\" data-end=\"385\"><img decoding=\"async\" draggable=\"false\" role=\"img\" class=\"emoji\" alt=\"\ud83d\udcb0\" src=\"https:\/\/s.w.org\/images\/core\/emoji\/17.0.2\/svg\/1f4b0.svg\"> Kalkul\u00e1ci\u00f3s p\u00e9lda<\/h1>\n<h3 data-start=\"387\" data-end=\"456\"><img decoding=\"async\" draggable=\"false\" role=\"img\" class=\"emoji\" alt=\"\ud83c\udfd5\" src=\"https:\/\/s.w.org\/images\/core\/emoji\/17.0.2\/svg\/1f3d5.svg\"> P\u00e9lda 1 \u2013 Lak\u00f3kocsis csal\u00e1d (2 feln\u0151tt + 1 gyermek), 2 \u00e9jszaka<\/h3>\n<p data-start=\"458\" data-end=\"558\">Accommodation fee:<br data-start=\"469\" data-end=\"472\">2 feln\u0151tt \u00d7 2500 Ft \u00d7 2 \u00e9j = <strong data-start=\"501\" data-end=\"514\">10 000 Ft<\/strong><br data-start=\"514\" data-end=\"517\">1 gyermek \u00d7 1500 Ft \u00d7 2 \u00e9j = <strong data-start=\"546\" data-end=\"558\">3 000 Ft<\/strong><\/p>\n<p data-start=\"560\" data-end=\"605\">Parcel fee:<br data-start=\"573\" data-end=\"576\">2500 Ft \u00d7 2 \u00e9j = <strong data-start=\"593\" data-end=\"605\">5 000 Ft<\/strong><\/p>\n<p data-start=\"607\" data-end=\"653\">\u00c1ramhaszn\u00e1lat:<br data-start=\"621\" data-end=\"624\">2000 Ft \u00d7 2 \u00e9j = <strong data-start=\"641\" data-end=\"653\">4 000 Ft<\/strong><\/p>\n<p data-start=\"655\" data-end=\"717\">Idegenforgalmi ad\u00f3:<br data-start=\"674\" data-end=\"677\">2 feln\u0151tt \u00d7 400 Ft \u00d7 2 \u00e9j = <strong data-start=\"705\" data-end=\"717\">1 600 Ft<\/strong><\/p>\n<p data-start=\"719\" data-end=\"745\"><img decoding=\"async\" draggable=\"false\" role=\"img\" class=\"emoji\" alt=\"\ud83d\udc49\" src=\"https:\/\/s.w.org\/images\/core\/emoji\/17.0.2\/svg\/1f449.svg\"> <strong data-start=\"722\" data-end=\"745\">\u00d6sszesen: 23 600 Ft<\/strong><\/p>\n<hr data-start=\"747\" data-end=\"750\">\n<h3 data-start=\"752\" data-end=\"790\"><img decoding=\"async\" draggable=\"false\" role=\"img\" class=\"emoji\" alt=\"\u26fa\" src=\"https:\/\/s.w.org\/images\/core\/emoji\/17.0.2\/svg\/26fa.svg\"> P\u00e9lda 2 \u2013 S\u00e1toros p\u00e1r, 1 \u00e9jszaka<\/h3>\n<p data-start=\"792\" data-end=\"840\">Accommodation fee:<br data-start=\"803\" data-end=\"806\">2 feln\u0151tt \u00d7 2500 Ft = <strong data-start=\"828\" data-end=\"840\">5 000 Ft<\/strong><\/p>\n<p data-start=\"842\" data-end=\"877\">Parcel fee:<br data-start=\"852\" data-end=\"855\">2500 Ft = <strong data-start=\"865\" data-end=\"877\">2 500 Ft<\/strong><\/p>\n<p data-start=\"879\" data-end=\"927\">Idegenforgalmi ad\u00f3:<br data-start=\"898\" data-end=\"901\">2 f\u0151 \u00d7 400 Ft = <strong data-start=\"917\" data-end=\"927\">800 Ft<\/strong><\/p>\n<p data-start=\"929\" data-end=\"954\"><img decoding=\"async\" draggable=\"false\" role=\"img\" class=\"emoji\" alt=\"\ud83d\udc49\" src=\"https:\/\/s.w.org\/images\/core\/emoji\/17.0.2\/svg\/1f449.svg\"> <strong data-start=\"932\" data-end=\"954\">\u00d6sszesen: 8 300 Ft<\/strong><\/p>\n<hr data-start=\"956\" data-end=\"959\">\n<h3 data-start=\"961\" data-end=\"1038\"><img decoding=\"async\" draggable=\"false\" role=\"img\" class=\"emoji\" alt=\"\ud83d\udc68\u200d\ud83d\udc69\u200d\ud83d\udc67\" src=\"https:\/\/s.w.org\/images\/core\/emoji\/17.0.2\/svg\/1f468-200d-1f469-200d-1f467.svg\"> P\u00e9lda 3 \u2013 Lak\u00f3aut\u00f3s csal\u00e1d (2 feln\u0151tt + 2 kisgyermek), 3 \u00e9jszaka<\/h3>\n<p data-start=\"1040\" data-end=\"1150\">Accommodation fee:<br data-start=\"1051\" data-end=\"1054\">2 feln\u0151tt \u00d7 2500 Ft \u00d7 3 \u00e9j = <strong data-start=\"1083\" data-end=\"1096\">15 000 Ft<\/strong><br data-start=\"1096\" data-end=\"1099\">2 gyermek (3\u201312 \u00e9v) \u00d7 1500 Ft \u00d7 3 \u00e9j = <strong data-start=\"1138\" data-end=\"1150\">9 000 Ft<\/strong><\/p>\n<p data-start=\"1152\" data-end=\"1197\">Parcel fee:<br data-start=\"1165\" data-end=\"1168\">2500 Ft \u00d7 3 \u00e9j = <strong data-start=\"1185\" data-end=\"1197\">7 500 Ft<\/strong><\/p>\n<p data-start=\"1199\" data-end=\"1245\">\u00c1ramhaszn\u00e1lat:<br data-start=\"1213\" data-end=\"1216\">2000 Ft \u00d7 3 \u00e9j = <strong data-start=\"1233\" data-end=\"1245\">6 000 Ft<\/strong><\/p>\n<p data-start=\"1247\" data-end=\"1309\">Idegenforgalmi ad\u00f3:<br data-start=\"1266\" data-end=\"1269\">2 feln\u0151tt \u00d7 400 Ft \u00d7 3 \u00e9j = <strong data-start=\"1297\" data-end=\"1309\">2 400 Ft<\/strong><\/p>\n<p data-start=\"1311\" data-end=\"1337\"><img decoding=\"async\" draggable=\"false\" role=\"img\" class=\"emoji\" alt=\"\ud83d\udc49\" src=\"https:\/\/s.w.org\/images\/core\/emoji\/17.0.2\/svg\/1f449.svg\"> <strong data-start=\"1314\" data-end=\"1337\">\u00d6sszesen: 39 900 Ft<\/strong><\/p>\n<hr data-start=\"1339\" data-end=\"1342\">\n<h2 data-start=\"1344\" data-end=\"1365\"><img decoding=\"async\" draggable=\"false\" role=\"img\" class=\"emoji\" alt=\"\u2139\" src=\"https:\/\/s.w.org\/images\/core\/emoji\/17.0.2\/svg\/2139.svg\"> Fontos tudnival\u00f3<\/h2>\n<blockquote data-start=\"1367\" data-end=\"1455\">\n<p data-start=\"1369\" data-end=\"1455\">Tourist tax is payable over 18 years of age.<br data-start=\"1414\" data-end=\"1417\">The calculations are for informational purposes only.<\/p>\n<\/blockquote>\t\t\t\t\t\t\t\t<\/div>\n\t\t\t\t<\/div>\n\t\t\t\t\t<\/div>\n\t\t\t\t<\/div>\n\t\t\t\t<\/div>","protected":false},"excerpt":{"rendered":"<p>\u00c1raink 2026. m\u00e1jus 1-t\u0151l \u00e9rv\u00e9nyesek Sz\u00e1ll\u00e1sd\u00edjak Feln\u0151tt:\u00a02500 Ft\/f\u0151\/\u00e9j Gyermek: 1500 Ft\/f\u0151\/\u00e9j (3-12 \u00e9ves korig) Gyermek: ingyenes (0-2 \u00e9ves korig) Az \u00e1rak az idegenforgalmi ad\u00f3t nem tartalmazz\u00e1k. Az idegenforgalmi ad\u00f3 m\u00e9rt\u00e9ke: 400 Ft \/ f\u0151 \/ \u00e9jszaka (18 \u00e9v felett fizetend\u0151). Parcella d\u00edj 2500 Ft\/lak\u00f3aut\u00f3 vagy lak\u00f3kocsi vagy s\u00e1tor\/\u00e9j +1 aut\u00f3 d\u00edjmentes parkol\u00e1sa. Minden tov\u00e1bbi aut\u00f3 [&hellip;]<\/p>","protected":false},"author":1,"featured_media":0,"parent":395,"menu_order":0,"comment_status":"closed","ping_status":"closed","template":"","meta":{"om_disable_all_campaigns":false,"site-sidebar-layout":"no-sidebar","site-content-layout":"page-builder","ast-site-content-layout":"full-width-container","site-content-style":"unboxed","site-sidebar-style":"unboxed","ast-global-header-display":"","ast-banner-title-visibility":"","ast-main-header-display":"","ast-hfb-above-header-display":"","ast-hfb-below-header-display":"","ast-hfb-mobile-header-display":"","site-post-title":"disabled","ast-breadcrumbs-content":"","ast-featured-img":"disabled","footer-sml-layout":"","theme-transparent-header-meta":"","adv-header-id-meta":"","stick-header-meta":"","header-above-stick-meta":"","header-main-stick-meta":"","header-below-stick-meta":"","astra-migrate-meta-layouts":"set","ast-page-background-enabled":"default","ast-page-background-meta":{"desktop":{"background-color":"","background-image":"","background-repeat":"repeat","background-position":"center center","background-size":"auto","background-attachment":"scroll","background-type":"","background-media":"","overlay-type":"","overlay-color":"","overlay-opacity":"","overlay-gradient":""},"tablet":{"background-color":"","background-image":"","background-repeat":"repeat","background-position":"center center","background-size":"auto","background-attachment":"scroll","background-type":"","background-media":"","overlay-type":"","overlay-color":"","overlay-opacity":"","overlay-gradient":""},"mobile":{"background-color":"","background-image":"","background-repeat":"repeat","background-position":"center center","background-size":"auto","background-attachment":"scroll","background-type":"","background-media":"","overlay-type":"","overlay-color":"","overlay-opacity":"","overlay-gradient":""}},"ast-content-background-meta":{"desktop":{"background-color":"var(--ast-global-color-5)","background-image":"","background-repeat":"repeat","background-position":"center center","background-size":"auto","background-attachment":"scroll","background-type":"","background-media":"","overlay-type":"","overlay-color":"","overlay-opacity":"","overlay-gradient":""},"tablet":{"background-color":"var(--ast-global-color-5)","background-image":"","background-repeat":"repeat","background-position":"center center","background-size":"auto","background-attachment":"scroll","background-type":"","background-media":"","overlay-type":"","overlay-color":"","overlay-opacity":"","overlay-gradient":""},"mobile":{"background-color":"var(--ast-global-color-5)","background-image":"","background-repeat":"repeat","background-position":"center center","background-size":"auto","background-attachment":"scroll","background-type":"","background-media":"","overlay-type":"","overlay-color":"","overlay-opacity":"","overlay-gradient":""}},"footnotes":""},"class_list":["post-1027","page","type-page","status-publish","hentry"],"_links":{"self":[{"href":"https:\/\/www.tostrandkemping.hu\/en\/wp-json\/wp\/v2\/pages\/1027","targetHints":{"allow":["GET"]}}],"collection":[{"href":"https:\/\/www.tostrandkemping.hu\/en\/wp-json\/wp\/v2\/pages"}],"about":[{"href":"https:\/\/www.tostrandkemping.hu\/en\/wp-json\/wp\/v2\/types\/page"}],"author":[{"embeddable":true,"href":"https:\/\/www.tostrandkemping.hu\/en\/wp-json\/wp\/v2\/users\/1"}],"replies":[{"embeddable":true,"href":"https:\/\/www.tostrandkemping.hu\/en\/wp-json\/wp\/v2\/comments?post=1027"}],"version-history":[{"count":89,"href":"https:\/\/www.tostrandkemping.hu\/en\/wp-json\/wp\/v2\/pages\/1027\/revisions"}],"predecessor-version":[{"id":1517,"href":"https:\/\/www.tostrandkemping.hu\/en\/wp-json\/wp\/v2\/pages\/1027\/revisions\/1517"}],"up":[{"embeddable":true,"href":"https:\/\/www.tostrandkemping.hu\/en\/wp-json\/wp\/v2\/pages\/395"}],"wp:attachment":[{"href":"https:\/\/www.tostrandkemping.hu\/en\/wp-json\/wp\/v2\/media?parent=1027"}],"curies":[{"name":"wp","href":"https:\/\/api.w.org\/{rel}","templated":true}]}}